{"id":595,"date":"2017-08-09T11:24:32","date_gmt":"2017-08-09T08:24:32","guid":{"rendered":"http:\/\/localhost\/tuuletuka\/?page_id=595\/"},"modified":"2025-06-30T21:12:13","modified_gmt":"2025-06-30T18:12:13","slug":"perms","status":"publish","type":"page","link":"https:\/\/www.tuuletuka.ee\/en\/services\/perms\/","title":{"rendered":"Perms"},"content":{"rendered":"<div class=\"wpb-content-wrapper\"><p>[vc_row][vc_column width=&#8221;2\/3&#8243;][vc_column_text]<\/p>\n<h1>Perms<\/h1>\n<p>A good hairdresser should always be able to do proper and outstanding perms. Nowadays, the popularity of perms has gotten lower, due to the large amount of available haircare products. There are products that give volume and lift the roots, also products that smoothen and bring out the natural curl. In the past 15-20 years, the hair cutting techniques have also cardinally changed. They can successfully provide the customer&#8217;s hair with extra volume. However, one could also create the required amount of volume for just the part of the hair, where it is most needed.<\/p>\n<p>If you would like to try more permanent curls, you can always consult with us. Together, we can figure out the condition of your hair, so the perms would not look &#8221;wisp&#8221;. Most women colour their hair often, which also would affect the perms.<\/p>\n<h2>A good hairdresser shares advice<\/h2>\n<p>Overall, perms are mostly done in short hair, so it could grow out faster. Nowadays there are dozens of haircare solutions, varying by their effectiveness and strength level. But most hair need only a stronger curl, and it will do the trick. These give good haircut a light support and don&#8217;t require any extra effort after wash.<\/p>\n<p>[\/vc_column_text][\/vc_column][vc_column width=&#8221;1\/3&#8243;][vc_single_image image=&#8221;1094&#8243; img_size=&#8221;full&#8221;][\/vc_column][\/vc_row][vc_row][vc_column][vc_cta h2=&#8221;Perms&#8221; h4=&#8221;Prices from 80 \u20ac&#8221; add_button=&#8221;right&#8221; btn_title=&#8221;Book time&#8221; btn_color=&#8221;juicy-pink&#8221; css=&#8221;&#8221; btn_link=&#8221;url:https%3A%2F%2Fonline.saloninfra.ee%2Fen%2Ftuuletuka|target:_blank&#8221;][\/vc_cta][\/vc_column][\/vc_row][vc_row][vc_column width=&#8221;2\/3&#8243;][vc_column_text]Keep in mind, that perms look good in healthy hair. Meaning, that new perms can be done when the previous ones are grown out. Then the hair has had some time to rest too.<\/p>\n<p>Perms can be done in longer hair too. Then the perms need to be strong enough, so the length of the hair wouldn&#8217;t drag it out. When doing perms in longer hair, the most important part is selecting the right tools. In this case, the hairdresser needs to take into account all the procedures, that the client has done in the last few years. It is not important, what the hair looks like, when it is dry. The decision of &#8216;perms&#8217; or &#8216;no perms&#8217; needs to be made, when the hair is washed without balms and masks.<\/p>\n<p>People think, that perms mean &#8216;less effort for everyday haircare&#8217;. Actually, for taking care of a beautiful perm, it is necessary to use moisturizing hair products, that are for curly hair. That includes sprays that keep the perms from becoming messy &#8211; we can recommend more at our salon.<\/p>\n<p><strong>Perms will take around 1,5 to 2 hours, and with especially thick hair even 3,5 hours.<\/strong>[\/vc_column_text][\/vc_column][vc_column width=&#8221;1\/3&#8243;][vc_single_image image=&#8221;1096&#8243; img_size=&#8221;full&#8221;][\/vc_column][\/vc_row][vc_row][vc_column][vc_column_text]<\/p>\n<h1>Popular products<\/h1>\n<p>[\/vc_column_text]<div class=\"woocommerce columns-3 \"><ul class=\"products columns-3\">\n<li class=\"product type-product post-819 status-publish first outofstock product_cat-goldwell-en product_cat-hair-wax-and-paste product_cat-styling has-post-thumbnail taxable shipping-taxable purchasable product-type-variable\">\n\t<a href=\"https:\/\/www.tuuletuka.ee\/en\/product\/roughman-cream-paste\/\" class=\"woocommerce-LoopProduct-link woocommerce-loop-product__link\"><img loading=\"lazy\" decoding=\"async\" width=\"300\" height=\"300\" src=\"https:\/\/www.tuuletuka.ee\/wp-content\/uploads\/2017\/05\/Goldwell-Creative_Texture-Roughmann-Matte-Cream-Paste-1-300x300.jpg\" class=\"attachment-woocommerce_thumbnail size-woocommerce_thumbnail\" alt=\"Goldwell Roughman on kasutuses meie salongis igap\u00e4evaselt.\" srcset=\"https:\/\/www.tuuletuka.ee\/wp-content\/uploads\/2017\/05\/Goldwell-Creative_Texture-Roughmann-Matte-Cream-Paste-1-300x300.jpg 300w, https:\/\/www.tuuletuka.ee\/wp-content\/uploads\/2017\/05\/Goldwell-Creative_Texture-Roughmann-Matte-Cream-Paste-1-150x150.jpg 150w, https:\/\/www.tuuletuka.ee\/wp-content\/uploads\/2017\/05\/Goldwell-Creative_Texture-Roughmann-Matte-Cream-Paste-1.jpg 600w, https:\/\/www.tuuletuka.ee\/wp-content\/uploads\/2017\/05\/Goldwell-Creative_Texture-Roughmann-Matte-Cream-Paste-1-100x100.jpg 100w\" sizes=\"auto, (max-width: 300px) 100vw, 300px\" \/><h2 class=\"woocommerce-loop-product__title\">Goldwell StyleSign Roughman matte cream paste<\/h2><div class=\"star-rating\" role=\"img\" aria-label=\"Rated 5.00 out of 5\"><span style=\"width:100%\">Rated <strong class=\"rating\">5.00<\/strong> out of 5<\/span><\/div>\n\t<span class=\"price\"><span class=\"woocommerce-Price-amount amount\" aria-hidden=\"true\"><bdi>8.50<span class=\"woocommerce-Price-currencySymbol\">&euro;<\/span><\/bdi><\/span> <span aria-hidden=\"true\">&ndash;<\/span> <span class=\"woocommerce-Price-amount amount\" aria-hidden=\"true\"><bdi>15.90<span class=\"woocommerce-Price-currencySymbol\">&euro;<\/span><\/bdi><\/span><span class=\"screen-reader-text\">Price range: 8.50&euro; through 15.90&euro;<\/span><\/span>\n<\/a><div class=\"btn-box\"><a href=\"https:\/\/www.tuuletuka.ee\/en\/product\/roughman-cream-paste\/\" class=\"btn btn-buy\">Info<\/a><\/div>\t<span id=\"woocommerce_loop_add_to_cart_link_describedby_819\" class=\"screen-reader-text\">\n\t\tThis product has multiple variants. The options may be chosen on the product page\t<\/span>\n<\/li>\n<li class=\"product type-product post-1236 status-publish outofstock product_cat-conditioners product_cat-insight-en has-post-thumbnail taxable shipping-taxable purchasable product-type-simple\">\n\t<a href=\"https:\/\/www.tuuletuka.ee\/en\/product\/insight-antioxidant-conditioner\/\" class=\"woocommerce-LoopProduct-link woocommerce-loop-product__link\"><img loading=\"lazy\" decoding=\"async\" width=\"300\" height=\"300\" src=\"https:\/\/www.tuuletuka.ee\/wp-content\/uploads\/2017\/11\/Insight-Rejuvenating-Conditioner-300x300.jpg\" class=\"attachment-woocommerce_thumbnail size-woocommerce_thumbnail\" alt=\"See palsam sisaldab rikkalikult e-vitamiine ja on valmistatud Itaalias.\" srcset=\"https:\/\/www.tuuletuka.ee\/wp-content\/uploads\/2017\/11\/Insight-Rejuvenating-Conditioner-300x300.jpg 300w, https:\/\/www.tuuletuka.ee\/wp-content\/uploads\/2017\/11\/Insight-Rejuvenating-Conditioner-100x100.jpg 100w, https:\/\/www.tuuletuka.ee\/wp-content\/uploads\/2017\/11\/Insight-Rejuvenating-Conditioner.jpg 600w, https:\/\/www.tuuletuka.ee\/wp-content\/uploads\/2017\/11\/Insight-Rejuvenating-Conditioner-150x150.jpg 150w\" sizes=\"auto, (max-width: 300px) 100vw, 300px\" \/><h2 class=\"woocommerce-loop-product__title\">InSight Antioxidant Rejuvenating Conditioner<\/h2>\n\t<span class=\"price\"><span class=\"woocommerce-Price-amount amount\"><bdi>11.00<span class=\"woocommerce-Price-currencySymbol\">&euro;<\/span><\/bdi><\/span><\/span>\n<\/a><div class=\"btn-box\"><a href=\"https:\/\/www.tuuletuka.ee\/en\/product\/insight-antioxidant-conditioner\/\" class=\"btn btn-buy\">Info<\/a><\/div>\t<span id=\"woocommerce_loop_add_to_cart_link_describedby_1236\" class=\"screen-reader-text\">\n\t\t\t<\/span>\n<\/li>\n<li class=\"product type-product post-1238 status-publish last outofstock product_cat-insight-en product_cat-shampoos has-post-thumbnail taxable shipping-taxable purchasable product-type-simple\">\n\t<a href=\"https:\/\/www.tuuletuka.ee\/en\/product\/insight-antioxidant-shampoo\/\" class=\"woocommerce-LoopProduct-link woocommerce-loop-product__link\"><img loading=\"lazy\" decoding=\"async\" width=\"300\" height=\"300\" src=\"https:\/\/www.tuuletuka.ee\/wp-content\/uploads\/2017\/11\/insight-antioxidant-shampoo-1-300x300.jpg\" class=\"attachment-woocommerce_thumbnail size-woocommerce_thumbnail\" alt=\"Insight Antioxidant \u0161ampoon on noorendava toimega h\u00e4stil\u00f5hnav toode.\" srcset=\"https:\/\/www.tuuletuka.ee\/wp-content\/uploads\/2017\/11\/insight-antioxidant-shampoo-1-300x300.jpg 300w, https:\/\/www.tuuletuka.ee\/wp-content\/uploads\/2017\/11\/insight-antioxidant-shampoo-1-100x100.jpg 100w, https:\/\/www.tuuletuka.ee\/wp-content\/uploads\/2017\/11\/insight-antioxidant-shampoo-1.jpg 600w, https:\/\/www.tuuletuka.ee\/wp-content\/uploads\/2017\/11\/insight-antioxidant-shampoo-1-150x150.jpg 150w\" sizes=\"auto, (max-width: 300px) 100vw, 300px\" \/><h2 class=\"woocommerce-loop-product__title\">InSight Antioxidant Rejuvenating shampoo<\/h2>\n\t<span class=\"price\"><span class=\"woocommerce-Price-amount amount\"><bdi>10.00<span class=\"woocommerce-Price-currencySymbol\">&euro;<\/span><\/bdi><\/span><\/span>\n<\/a><div class=\"btn-box\"><a href=\"https:\/\/www.tuuletuka.ee\/en\/product\/insight-antioxidant-shampoo\/\" class=\"btn btn-buy\">Info<\/a><\/div>\t<span id=\"woocommerce_loop_add_to_cart_link_describedby_1238\" class=\"screen-reader-text\">\n\t\t\t<\/span>\n<\/li>\n<\/ul>\n<\/div>[\/vc_column][\/vc_row]<\/p>\n<\/div>","protected":false},"excerpt":{"rendered":"<p>[vc_row][vc_column width=&#8221;2\/3&#8243;][vc_column_text] Perms A good hairdresser should always be able to do proper and outstanding perms. Nowadays, the popularity of [&hellip;]<\/p>\n","protected":false},"author":3,"featured_media":0,"parent":605,"menu_order":12,"comment_status":"closed","ping_status":"closed","template":"","meta":{"_acf_changed":false,"footnotes":""},"class_list":["post-595","page","type-page","status-publish","hentry"],"acf":[],"yoast_head":"<!-- This site is optimized with the Yoast SEO plugin v27.3 - https:\/\/yoast.com\/product\/yoast-seo-wordpress\/ -->\n<title>Perms are a long-term and beautiful solution - Tuuletuka<\/title>\n<meta name=\"description\" content=\"A good hairdresser should always be able to do proper perms. If you would like to try more permanent curls, let us know.\" \/>\n<meta name=\"robots\" content=\"index, follow, max-snippet:-1, max-image-preview:large, max-video-preview:-1\" \/>\n<link rel=\"canonical\" href=\"https:\/\/www.tuuletuka.ee\/en\/services\/perms\/\" \/>\n<meta property=\"og:locale\" content=\"en_US\" \/>\n<meta property=\"og:type\" content=\"article\" \/>\n<meta property=\"og:title\" content=\"Perms are a long-term and beautiful solution - Tuuletuka\" \/>\n<meta property=\"og:description\" content=\"A good hairdresser should always be able to do proper perms. If you would like to try more permanent curls, let us know.\" \/>\n<meta property=\"og:url\" content=\"https:\/\/www.tuuletuka.ee\/en\/services\/perms\/\" \/>\n<meta property=\"og:site_name\" content=\"Tuuletuka\" \/>\n<meta property=\"article:publisher\" content=\"https:\/\/www.facebook.com\/Tuuletuka\/\" \/>\n<meta property=\"article:modified_time\" content=\"2025-06-30T18:12:13+00:00\" \/>\n<meta property=\"og:image\" content=\"https:\/\/www.tuuletuka.ee\/wp-content\/uploads\/2017\/05\/veebipood.jpg\" \/>\n\t<meta property=\"og:image:width\" content=\"1200\" \/>\n\t<meta property=\"og:image:height\" content=\"630\" \/>\n\t<meta property=\"og:image:type\" content=\"image\/jpeg\" \/>\n<meta name=\"twitter:card\" content=\"summary_large_image\" \/>\n<meta name=\"twitter:label1\" content=\"Est. reading time\" \/>\n\t<meta name=\"twitter:data1\" content=\"3 minutes\" \/>\n<script type=\"application\/ld+json\" class=\"yoast-schema-graph\">{\"@context\":\"https:\\\/\\\/schema.org\",\"@graph\":[{\"@type\":\"WebPage\",\"@id\":\"https:\\\/\\\/www.tuuletuka.ee\\\/en\\\/services\\\/perms\\\/\",\"url\":\"https:\\\/\\\/www.tuuletuka.ee\\\/en\\\/services\\\/perms\\\/\",\"name\":\"Perms are a long-term and beautiful solution - Tuuletuka\",\"isPartOf\":{\"@id\":\"https:\\\/\\\/www.tuuletuka.ee\\\/en\\\/#website\"},\"datePublished\":\"2017-08-09T08:24:32+00:00\",\"dateModified\":\"2025-06-30T18:12:13+00:00\",\"description\":\"A good hairdresser should always be able to do proper perms. If you would like to try more permanent curls, let us know.\",\"breadcrumb\":{\"@id\":\"https:\\\/\\\/www.tuuletuka.ee\\\/en\\\/services\\\/perms\\\/#breadcrumb\"},\"inLanguage\":\"en-US\",\"potentialAction\":[{\"@type\":\"ReadAction\",\"target\":[\"https:\\\/\\\/www.tuuletuka.ee\\\/en\\\/services\\\/perms\\\/\"]}]},{\"@type\":\"BreadcrumbList\",\"@id\":\"https:\\\/\\\/www.tuuletuka.ee\\\/en\\\/services\\\/perms\\\/#breadcrumb\",\"itemListElement\":[{\"@type\":\"ListItem\",\"position\":1,\"name\":\"Avaleht\",\"item\":\"https:\\\/\\\/www.tuuletuka.ee\\\/en\\\/\"},{\"@type\":\"ListItem\",\"position\":2,\"name\":\"Services\",\"item\":\"https:\\\/\\\/www.tuuletuka.ee\\\/en\\\/services\\\/\"},{\"@type\":\"ListItem\",\"position\":3,\"name\":\"Perms\"}]},{\"@type\":\"WebSite\",\"@id\":\"https:\\\/\\\/www.tuuletuka.ee\\\/en\\\/#website\",\"url\":\"https:\\\/\\\/www.tuuletuka.ee\\\/en\\\/\",\"name\":\"Tuuletuka\",\"description\":\"\",\"publisher\":{\"@id\":\"https:\\\/\\\/www.tuuletuka.ee\\\/en\\\/#organization\"},\"potentialAction\":[{\"@type\":\"SearchAction\",\"target\":{\"@type\":\"EntryPoint\",\"urlTemplate\":\"https:\\\/\\\/www.tuuletuka.ee\\\/en\\\/?s={search_term_string}\"},\"query-input\":{\"@type\":\"PropertyValueSpecification\",\"valueRequired\":true,\"valueName\":\"search_term_string\"}}],\"inLanguage\":\"en-US\"},{\"@type\":\"Organization\",\"@id\":\"https:\\\/\\\/www.tuuletuka.ee\\\/en\\\/#organization\",\"name\":\"Tuuletuka O\u00dc\",\"url\":\"https:\\\/\\\/www.tuuletuka.ee\\\/en\\\/\",\"logo\":{\"@type\":\"ImageObject\",\"inLanguage\":\"en-US\",\"@id\":\"https:\\\/\\\/www.tuuletuka.ee\\\/en\\\/#\\\/schema\\\/logo\\\/image\\\/\",\"url\":\"https:\\\/\\\/www.tuuletuka.ee\\\/wp-content\\\/uploads\\\/2019\\\/10\\\/tuuletuka_noorjuuksuritesalong_logo.png\",\"contentUrl\":\"https:\\\/\\\/www.tuuletuka.ee\\\/wp-content\\\/uploads\\\/2019\\\/10\\\/tuuletuka_noorjuuksuritesalong_logo.png\",\"width\":161,\"height\":142,\"caption\":\"Tuuletuka O\u00dc\"},\"image\":{\"@id\":\"https:\\\/\\\/www.tuuletuka.ee\\\/en\\\/#\\\/schema\\\/logo\\\/image\\\/\"},\"sameAs\":[\"https:\\\/\\\/www.facebook.com\\\/Tuuletuka\\\/\",\"https:\\\/\\\/www.instagram.com\\\/tuuletuka\\\/\"]}]}<\/script>\n<!-- \/ Yoast SEO plugin. -->","yoast_head_json":{"title":"Perms are a long-term and beautiful solution - Tuuletuka","description":"A good hairdresser should always be able to do proper perms. If you would like to try more permanent curls, let us know.","robots":{"index":"index","follow":"follow","max-snippet":"max-snippet:-1","max-image-preview":"max-image-preview:large","max-video-preview":"max-video-preview:-1"},"canonical":"https:\/\/www.tuuletuka.ee\/en\/services\/perms\/","og_locale":"en_US","og_type":"article","og_title":"Perms are a long-term and beautiful solution - Tuuletuka","og_description":"A good hairdresser should always be able to do proper perms. If you would like to try more permanent curls, let us know.","og_url":"https:\/\/www.tuuletuka.ee\/en\/services\/perms\/","og_site_name":"Tuuletuka","article_publisher":"https:\/\/www.facebook.com\/Tuuletuka\/","article_modified_time":"2025-06-30T18:12:13+00:00","og_image":[{"width":1200,"height":630,"url":"https:\/\/www.tuuletuka.ee\/wp-content\/uploads\/2017\/05\/veebipood.jpg","type":"image\/jpeg"}],"twitter_card":"summary_large_image","twitter_misc":{"Est. reading time":"3 minutes"},"schema":{"@context":"https:\/\/schema.org","@graph":[{"@type":"WebPage","@id":"https:\/\/www.tuuletuka.ee\/en\/services\/perms\/","url":"https:\/\/www.tuuletuka.ee\/en\/services\/perms\/","name":"Perms are a long-term and beautiful solution - Tuuletuka","isPartOf":{"@id":"https:\/\/www.tuuletuka.ee\/en\/#website"},"datePublished":"2017-08-09T08:24:32+00:00","dateModified":"2025-06-30T18:12:13+00:00","description":"A good hairdresser should always be able to do proper perms. If you would like to try more permanent curls, let us know.","breadcrumb":{"@id":"https:\/\/www.tuuletuka.ee\/en\/services\/perms\/#breadcrumb"},"inLanguage":"en-US","potentialAction":[{"@type":"ReadAction","target":["https:\/\/www.tuuletuka.ee\/en\/services\/perms\/"]}]},{"@type":"BreadcrumbList","@id":"https:\/\/www.tuuletuka.ee\/en\/services\/perms\/#breadcrumb","itemListElement":[{"@type":"ListItem","position":1,"name":"Avaleht","item":"https:\/\/www.tuuletuka.ee\/en\/"},{"@type":"ListItem","position":2,"name":"Services","item":"https:\/\/www.tuuletuka.ee\/en\/services\/"},{"@type":"ListItem","position":3,"name":"Perms"}]},{"@type":"WebSite","@id":"https:\/\/www.tuuletuka.ee\/en\/#website","url":"https:\/\/www.tuuletuka.ee\/en\/","name":"Tuuletuka","description":"","publisher":{"@id":"https:\/\/www.tuuletuka.ee\/en\/#organization"},"potentialAction":[{"@type":"SearchAction","target":{"@type":"EntryPoint","urlTemplate":"https:\/\/www.tuuletuka.ee\/en\/?s={search_term_string}"},"query-input":{"@type":"PropertyValueSpecification","valueRequired":true,"valueName":"search_term_string"}}],"inLanguage":"en-US"},{"@type":"Organization","@id":"https:\/\/www.tuuletuka.ee\/en\/#organization","name":"Tuuletuka O\u00dc","url":"https:\/\/www.tuuletuka.ee\/en\/","logo":{"@type":"ImageObject","inLanguage":"en-US","@id":"https:\/\/www.tuuletuka.ee\/en\/#\/schema\/logo\/image\/","url":"https:\/\/www.tuuletuka.ee\/wp-content\/uploads\/2019\/10\/tuuletuka_noorjuuksuritesalong_logo.png","contentUrl":"https:\/\/www.tuuletuka.ee\/wp-content\/uploads\/2019\/10\/tuuletuka_noorjuuksuritesalong_logo.png","width":161,"height":142,"caption":"Tuuletuka O\u00dc"},"image":{"@id":"https:\/\/www.tuuletuka.ee\/en\/#\/schema\/logo\/image\/"},"sameAs":["https:\/\/www.facebook.com\/Tuuletuka\/","https:\/\/www.instagram.com\/tuuletuka\/"]}]}},"_links":{"self":[{"href":"https:\/\/www.tuuletuka.ee\/en\/wp-json\/wp\/v2\/pages\/595","targetHints":{"allow":["GET"]}}],"collection":[{"href":"https:\/\/www.tuuletuka.ee\/en\/wp-json\/wp\/v2\/pages"}],"about":[{"href":"https:\/\/www.tuuletuka.ee\/en\/wp-json\/wp\/v2\/types\/page"}],"author":[{"embeddable":true,"href":"https:\/\/www.tuuletuka.ee\/en\/wp-json\/wp\/v2\/users\/3"}],"replies":[{"embeddable":true,"href":"https:\/\/www.tuuletuka.ee\/en\/wp-json\/wp\/v2\/comments?post=595"}],"version-history":[{"count":8,"href":"https:\/\/www.tuuletuka.ee\/en\/wp-json\/wp\/v2\/pages\/595\/revisions"}],"predecessor-version":[{"id":3355,"href":"https:\/\/www.tuuletuka.ee\/en\/wp-json\/wp\/v2\/pages\/595\/revisions\/3355"}],"up":[{"embeddable":true,"href":"https:\/\/www.tuuletuka.ee\/en\/wp-json\/wp\/v2\/pages\/605"}],"wp:attachment":[{"href":"https:\/\/www.tuuletuka.ee\/en\/wp-json\/wp\/v2\/media?parent=595"}],"curies":[{"name":"wp","href":"https:\/\/api.w.org\/{rel}","templated":true}]}}