{"id":1234,"date":"2017-11-02T15:35:38","date_gmt":"2017-11-02T13:35:38","guid":{"rendered":"http:\/\/localhost\/tuuletuka\/toode\/insight-colored-hair-protective-conditioner\/"},"modified":"2019-10-09T19:48:10","modified_gmt":"2019-10-09T16:48:10","slug":"insight-colored-hair-conditioner","status":"publish","type":"product","link":"https:\/\/www.tuuletuka.ee\/en\/product\/insight-colored-hair-conditioner\/","title":{"rendered":"InSight Colored Hair Protective conditioner"},"content":{"rendered":"<p>InSight Colored Hair conditioner is made specially for colored or highlighted hair. It is the best to use it after using <a href=\"https:\/\/www.tuuletuka.ee\/en\/product\/insight-colored-hair-protective-shampoo\/\">InSight Colored Hair Protective shampoo.<\/a> These work together to untangle the hair without harming the hair cuticles. This conditioner is filled with many organic goods, including macadamia oil, mango butter, grape seed oil and more. These ingredients together with Henna extract nourish and protect your colored hair.<\/p>\n<h2>Usage<\/h2>\n<p>Apply to towel-dry hair. Hold in hair for 10 minutes and wash afterwards.<\/p>\n<h2>InSight Colored Hair conditioner<\/h2>\n<p>After using this conditioner, the hair gets really soft, nourished and protected\u00a0 (without using chemicals). The conditioner also has a good scent. InSight products are made in Italy.<\/p>\n","protected":false},"excerpt":{"rendered":"<ul class=\"fa-ul\">\n<li><i class=\"fal fa-check\"><\/i>Organic ingredients<\/li>\n<li><i class=\"fal fa-check\"><\/i>Perfect for colored hair<\/li>\n<li><i class=\"fal fa-check\"><\/i>Does not contain artificial substances<\/li>\n<\/ul>\n<p>500 ml<\/p>\n","protected":false},"featured_media":1463,"comment_status":"open","ping_status":"closed","template":"","meta":{"_acf_changed":false},"product_brand":[],"product_cat":[52,48],"product_tag":[],"class_list":{"0":"post-1234","1":"product","2":"type-product","3":"status-publish","4":"has-post-thumbnail","6":"product_cat-conditioners","7":"product_cat-insight-en","9":"first","10":"outofstock","11":"taxable","12":"shipping-taxable","13":"purchasable","14":"product-type-simple"},"acf":[],"yoast_head":"<!-- This site is optimized with the Yoast SEO plugin v27.3 - https:\/\/yoast.com\/product\/yoast-seo-wordpress\/ -->\n<title>InSight Colored Hair conditioner protects colored hair<\/title>\n<meta name=\"description\" content=\"InSight Colored Hair conditioner is made specially for colored or highlighted hair. It is the best to use it after using InSight Colored Hair Protective shampoo. These work together to untangle the hair. This conditioner is filled with many organic goods: macadamia oil, mango butter, grape seed oil.\" \/>\n<meta name=\"robots\" content=\"index, follow, max-snippet:-1, max-image-preview:large, max-video-preview:-1\" \/>\n<link rel=\"canonical\" href=\"https:\/\/www.tuuletuka.ee\/en\/product\/insight-colored-hair-conditioner\/\" \/>\n<meta property=\"og:locale\" content=\"en_US\" \/>\n<meta property=\"og:type\" content=\"article\" \/>\n<meta property=\"og:title\" content=\"InSight Colored Hair conditioner protects colored hair\" \/>\n<meta property=\"og:description\" content=\"InSight Colored Hair conditioner is made specially for colored or highlighted hair. It is the best to use it after using InSight Colored Hair Protective shampoo. These work together to untangle the hair. This conditioner is filled with many organic goods: macadamia oil, mango butter, grape seed oil.\" \/>\n<meta property=\"og:url\" content=\"https:\/\/www.tuuletuka.ee\/en\/product\/insight-colored-hair-conditioner\/\" \/>\n<meta property=\"og:site_name\" content=\"Tuuletuka\" \/>\n<meta property=\"article:publisher\" content=\"https:\/\/www.facebook.com\/Tuuletuka\/\" \/>\n<meta property=\"article:modified_time\" content=\"2019-10-09T16:48:10+00:00\" \/>\n<meta property=\"og:image\" content=\"https:\/\/www.tuuletuka.ee\/wp-content\/uploads\/2017\/11\/Insight-Colored-Hair-Conditioner.jpg\" \/>\n\t<meta property=\"og:image:width\" content=\"600\" \/>\n\t<meta property=\"og:image:height\" content=\"600\" \/>\n\t<meta property=\"og:image:type\" content=\"image\/jpeg\" \/>\n<meta name=\"twitter:card\" content=\"summary_large_image\" \/>\n<meta name=\"twitter:label1\" content=\"Est. reading time\" \/>\n\t<meta name=\"twitter:data1\" content=\"1 minute\" \/>\n<script type=\"application\/ld+json\" class=\"yoast-schema-graph\">{\"@context\":\"https:\\\/\\\/schema.org\",\"@graph\":[{\"@type\":\"WebPage\",\"@id\":\"https:\\\/\\\/www.tuuletuka.ee\\\/en\\\/product\\\/insight-colored-hair-conditioner\\\/\",\"url\":\"https:\\\/\\\/www.tuuletuka.ee\\\/en\\\/product\\\/insight-colored-hair-conditioner\\\/\",\"name\":\"InSight Colored Hair conditioner protects colored hair\",\"isPartOf\":{\"@id\":\"https:\\\/\\\/www.tuuletuka.ee\\\/en\\\/#website\"},\"primaryImageOfPage\":{\"@id\":\"https:\\\/\\\/www.tuuletuka.ee\\\/en\\\/product\\\/insight-colored-hair-conditioner\\\/#primaryimage\"},\"image\":{\"@id\":\"https:\\\/\\\/www.tuuletuka.ee\\\/en\\\/product\\\/insight-colored-hair-conditioner\\\/#primaryimage\"},\"thumbnailUrl\":\"https:\\\/\\\/www.tuuletuka.ee\\\/wp-content\\\/uploads\\\/2017\\\/11\\\/Insight-Colored-Hair-Conditioner.jpg\",\"datePublished\":\"2017-11-02T13:35:38+00:00\",\"dateModified\":\"2019-10-09T16:48:10+00:00\",\"description\":\"InSight Colored Hair conditioner is made specially for colored or highlighted hair. It is the best to use it after using InSight Colored Hair Protective shampoo. These work together to untangle the hair. This conditioner is filled with many organic goods: macadamia oil, mango butter, grape seed oil.\",\"breadcrumb\":{\"@id\":\"https:\\\/\\\/www.tuuletuka.ee\\\/en\\\/product\\\/insight-colored-hair-conditioner\\\/#breadcrumb\"},\"inLanguage\":\"en-US\",\"potentialAction\":[{\"@type\":\"ReadAction\",\"target\":[\"https:\\\/\\\/www.tuuletuka.ee\\\/en\\\/product\\\/insight-colored-hair-conditioner\\\/\"]}]},{\"@type\":\"ImageObject\",\"inLanguage\":\"en-US\",\"@id\":\"https:\\\/\\\/www.tuuletuka.ee\\\/en\\\/product\\\/insight-colored-hair-conditioner\\\/#primaryimage\",\"url\":\"https:\\\/\\\/www.tuuletuka.ee\\\/wp-content\\\/uploads\\\/2017\\\/11\\\/Insight-Colored-Hair-Conditioner.jpg\",\"contentUrl\":\"https:\\\/\\\/www.tuuletuka.ee\\\/wp-content\\\/uploads\\\/2017\\\/11\\\/Insight-Colored-Hair-Conditioner.jpg\",\"width\":600,\"height\":600,\"caption\":\"Insight Colored Hair palsam t\u00f6\u00f6tab v\u00e4ga h\u00e4sti v\u00e4rvitud juuste peal.\"},{\"@type\":\"BreadcrumbList\",\"@id\":\"https:\\\/\\\/www.tuuletuka.ee\\\/en\\\/product\\\/insight-colored-hair-conditioner\\\/#breadcrumb\",\"itemListElement\":[{\"@type\":\"ListItem\",\"position\":1,\"name\":\"Avaleht\",\"item\":\"https:\\\/\\\/www.tuuletuka.ee\\\/en\\\/\"},{\"@type\":\"ListItem\",\"position\":2,\"name\":\"Shop\",\"item\":\"https:\\\/\\\/www.tuuletuka.ee\\\/en\\\/shop\\\/\"},{\"@type\":\"ListItem\",\"position\":3,\"name\":\"InSight Colored Hair Protective conditioner\"}]},{\"@type\":\"WebSite\",\"@id\":\"https:\\\/\\\/www.tuuletuka.ee\\\/en\\\/#website\",\"url\":\"https:\\\/\\\/www.tuuletuka.ee\\\/en\\\/\",\"name\":\"Tuuletuka\",\"description\":\"\",\"publisher\":{\"@id\":\"https:\\\/\\\/www.tuuletuka.ee\\\/en\\\/#organization\"},\"potentialAction\":[{\"@type\":\"SearchAction\",\"target\":{\"@type\":\"EntryPoint\",\"urlTemplate\":\"https:\\\/\\\/www.tuuletuka.ee\\\/en\\\/?s={search_term_string}\"},\"query-input\":{\"@type\":\"PropertyValueSpecification\",\"valueRequired\":true,\"valueName\":\"search_term_string\"}}],\"inLanguage\":\"en-US\"},{\"@type\":\"Organization\",\"@id\":\"https:\\\/\\\/www.tuuletuka.ee\\\/en\\\/#organization\",\"name\":\"Tuuletuka O\u00dc\",\"url\":\"https:\\\/\\\/www.tuuletuka.ee\\\/en\\\/\",\"logo\":{\"@type\":\"ImageObject\",\"inLanguage\":\"en-US\",\"@id\":\"https:\\\/\\\/www.tuuletuka.ee\\\/en\\\/#\\\/schema\\\/logo\\\/image\\\/\",\"url\":\"https:\\\/\\\/www.tuuletuka.ee\\\/wp-content\\\/uploads\\\/2019\\\/10\\\/tuuletuka_noorjuuksuritesalong_logo.png\",\"contentUrl\":\"https:\\\/\\\/www.tuuletuka.ee\\\/wp-content\\\/uploads\\\/2019\\\/10\\\/tuuletuka_noorjuuksuritesalong_logo.png\",\"width\":161,\"height\":142,\"caption\":\"Tuuletuka O\u00dc\"},\"image\":{\"@id\":\"https:\\\/\\\/www.tuuletuka.ee\\\/en\\\/#\\\/schema\\\/logo\\\/image\\\/\"},\"sameAs\":[\"https:\\\/\\\/www.facebook.com\\\/Tuuletuka\\\/\",\"https:\\\/\\\/www.instagram.com\\\/tuuletuka\\\/\"]}]}<\/script>\n<!-- \/ Yoast SEO plugin. -->","yoast_head_json":{"title":"InSight Colored Hair conditioner protects colored hair","description":"InSight Colored Hair conditioner is made specially for colored or highlighted hair. It is the best to use it after using InSight Colored Hair Protective shampoo. These work together to untangle the hair. This conditioner is filled with many organic goods: macadamia oil, mango butter, grape seed oil.","robots":{"index":"index","follow":"follow","max-snippet":"max-snippet:-1","max-image-preview":"max-image-preview:large","max-video-preview":"max-video-preview:-1"},"canonical":"https:\/\/www.tuuletuka.ee\/en\/product\/insight-colored-hair-conditioner\/","og_locale":"en_US","og_type":"article","og_title":"InSight Colored Hair conditioner protects colored hair","og_description":"InSight Colored Hair conditioner is made specially for colored or highlighted hair. It is the best to use it after using InSight Colored Hair Protective shampoo. These work together to untangle the hair. This conditioner is filled with many organic goods: macadamia oil, mango butter, grape seed oil.","og_url":"https:\/\/www.tuuletuka.ee\/en\/product\/insight-colored-hair-conditioner\/","og_site_name":"Tuuletuka","article_publisher":"https:\/\/www.facebook.com\/Tuuletuka\/","article_modified_time":"2019-10-09T16:48:10+00:00","og_image":[{"width":600,"height":600,"url":"https:\/\/www.tuuletuka.ee\/wp-content\/uploads\/2017\/11\/Insight-Colored-Hair-Conditioner.jpg","type":"image\/jpeg"}],"twitter_card":"summary_large_image","twitter_misc":{"Est. reading time":"1 minute"},"schema":{"@context":"https:\/\/schema.org","@graph":[{"@type":"WebPage","@id":"https:\/\/www.tuuletuka.ee\/en\/product\/insight-colored-hair-conditioner\/","url":"https:\/\/www.tuuletuka.ee\/en\/product\/insight-colored-hair-conditioner\/","name":"InSight Colored Hair conditioner protects colored hair","isPartOf":{"@id":"https:\/\/www.tuuletuka.ee\/en\/#website"},"primaryImageOfPage":{"@id":"https:\/\/www.tuuletuka.ee\/en\/product\/insight-colored-hair-conditioner\/#primaryimage"},"image":{"@id":"https:\/\/www.tuuletuka.ee\/en\/product\/insight-colored-hair-conditioner\/#primaryimage"},"thumbnailUrl":"https:\/\/www.tuuletuka.ee\/wp-content\/uploads\/2017\/11\/Insight-Colored-Hair-Conditioner.jpg","datePublished":"2017-11-02T13:35:38+00:00","dateModified":"2019-10-09T16:48:10+00:00","description":"InSight Colored Hair conditioner is made specially for colored or highlighted hair. It is the best to use it after using InSight Colored Hair Protective shampoo. These work together to untangle the hair. This conditioner is filled with many organic goods: macadamia oil, mango butter, grape seed oil.","breadcrumb":{"@id":"https:\/\/www.tuuletuka.ee\/en\/product\/insight-colored-hair-conditioner\/#breadcrumb"},"inLanguage":"en-US","potentialAction":[{"@type":"ReadAction","target":["https:\/\/www.tuuletuka.ee\/en\/product\/insight-colored-hair-conditioner\/"]}]},{"@type":"ImageObject","inLanguage":"en-US","@id":"https:\/\/www.tuuletuka.ee\/en\/product\/insight-colored-hair-conditioner\/#primaryimage","url":"https:\/\/www.tuuletuka.ee\/wp-content\/uploads\/2017\/11\/Insight-Colored-Hair-Conditioner.jpg","contentUrl":"https:\/\/www.tuuletuka.ee\/wp-content\/uploads\/2017\/11\/Insight-Colored-Hair-Conditioner.jpg","width":600,"height":600,"caption":"Insight Colored Hair palsam t\u00f6\u00f6tab v\u00e4ga h\u00e4sti v\u00e4rvitud juuste peal."},{"@type":"BreadcrumbList","@id":"https:\/\/www.tuuletuka.ee\/en\/product\/insight-colored-hair-conditioner\/#breadcrumb","itemListElement":[{"@type":"ListItem","position":1,"name":"Avaleht","item":"https:\/\/www.tuuletuka.ee\/en\/"},{"@type":"ListItem","position":2,"name":"Shop","item":"https:\/\/www.tuuletuka.ee\/en\/shop\/"},{"@type":"ListItem","position":3,"name":"InSight Colored Hair Protective conditioner"}]},{"@type":"WebSite","@id":"https:\/\/www.tuuletuka.ee\/en\/#website","url":"https:\/\/www.tuuletuka.ee\/en\/","name":"Tuuletuka","description":"","publisher":{"@id":"https:\/\/www.tuuletuka.ee\/en\/#organization"},"potentialAction":[{"@type":"SearchAction","target":{"@type":"EntryPoint","urlTemplate":"https:\/\/www.tuuletuka.ee\/en\/?s={search_term_string}"},"query-input":{"@type":"PropertyValueSpecification","valueRequired":true,"valueName":"search_term_string"}}],"inLanguage":"en-US"},{"@type":"Organization","@id":"https:\/\/www.tuuletuka.ee\/en\/#organization","name":"Tuuletuka O\u00dc","url":"https:\/\/www.tuuletuka.ee\/en\/","logo":{"@type":"ImageObject","inLanguage":"en-US","@id":"https:\/\/www.tuuletuka.ee\/en\/#\/schema\/logo\/image\/","url":"https:\/\/www.tuuletuka.ee\/wp-content\/uploads\/2019\/10\/tuuletuka_noorjuuksuritesalong_logo.png","contentUrl":"https:\/\/www.tuuletuka.ee\/wp-content\/uploads\/2019\/10\/tuuletuka_noorjuuksuritesalong_logo.png","width":161,"height":142,"caption":"Tuuletuka O\u00dc"},"image":{"@id":"https:\/\/www.tuuletuka.ee\/en\/#\/schema\/logo\/image\/"},"sameAs":["https:\/\/www.facebook.com\/Tuuletuka\/","https:\/\/www.instagram.com\/tuuletuka\/"]}]}},"_links":{"self":[{"href":"https:\/\/www.tuuletuka.ee\/en\/wp-json\/wp\/v2\/product\/1234","targetHints":{"allow":["GET"]}}],"collection":[{"href":"https:\/\/www.tuuletuka.ee\/en\/wp-json\/wp\/v2\/product"}],"about":[{"href":"https:\/\/www.tuuletuka.ee\/en\/wp-json\/wp\/v2\/types\/product"}],"replies":[{"embeddable":true,"href":"https:\/\/www.tuuletuka.ee\/en\/wp-json\/wp\/v2\/comments?post=1234"}],"wp:featuredmedia":[{"embeddable":true,"href":"https:\/\/www.tuuletuka.ee\/en\/wp-json\/wp\/v2\/media\/1463"}],"wp:attachment":[{"href":"https:\/\/www.tuuletuka.ee\/en\/wp-json\/wp\/v2\/media?parent=1234"}],"wp:term":[{"taxonomy":"product_brand","embeddable":true,"href":"https:\/\/www.tuuletuka.ee\/en\/wp-json\/wp\/v2\/product_brand?post=1234"},{"taxonomy":"product_cat","embeddable":true,"href":"https:\/\/www.tuuletuka.ee\/en\/wp-json\/wp\/v2\/product_cat?post=1234"},{"taxonomy":"product_tag","embeddable":true,"href":"https:\/\/www.tuuletuka.ee\/en\/wp-json\/wp\/v2\/product_tag?post=1234"}],"curies":[{"name":"wp","href":"https:\/\/api.w.org\/{rel}","templated":true}]}}