{"id":1235,"date":"2017-11-02T15:15:33","date_gmt":"2017-11-02T13:15:33","guid":{"rendered":"http:\/\/localhost\/tuuletuka\/toode\/insight-colored-hair-protective-shampoo\/"},"modified":"2021-10-15T14:28:30","modified_gmt":"2021-10-15T11:28:30","slug":"insight-colored-hair-shampoo","status":"publish","type":"product","link":"https:\/\/www.tuuletuka.ee\/en\/product\/insight-colored-hair-shampoo\/","title":{"rendered":"InSight Colored Hair Protective shampoo"},"content":{"rendered":"<p>InSight Colored Hair shampoo is specially made for colored or highlighted hair. The main purpose of this product is to protect the hair cuticles from any kind of external influences. This shampoo contains a lot of organic ingredients, including Macadamia oil and Arganic oil. These nourish and protect the hair. Henna extract, mango butter and grape seed oil work together to lengthen and protect the lifetime of the hair.<\/p>\n<h2>Usage<\/h2>\n<p>Apply to wet hair and massage into scalp. Rinse thoroughly.<\/p>\n<h2>InSight Colored Hair Shampoo<\/h2>\n<p>This shampoo maintains and strengthens hair color while nourishing deeply. It leaves the hair soft, smooth and fresh. It works best with the <a href=\"https:\/\/www.tuuletuka.ee\/en\/product\/insight-colored-hair-protective-conditioner\/\">conditioner from same series<\/a>. As any other InSight product, this one also does not contain parabens nor silicons. The product is made in Italy.<\/p>\n","protected":false},"excerpt":{"rendered":"<ul class=\"fa-ul\">\n<li><i class=\"fa fa-check-square-o\"><\/i> Very good for colored (or highlighted) hair<\/li>\n<li><i class=\"fa fa-check-square-o\"><\/i> No artificial substances<\/li>\n<li><i class=\"fa fa-check-square-o\"><\/i> Organic ingredients only<\/li>\n<\/ul>\n<p>500 ml<\/p>\n","protected":false},"featured_media":1476,"comment_status":"open","ping_status":"closed","template":"","meta":{"_acf_changed":false},"product_brand":[],"product_cat":[48,55],"product_tag":[],"class_list":{"0":"post-1235","1":"product","2":"type-product","3":"status-publish","4":"has-post-thumbnail","6":"product_cat-insight-en","7":"product_cat-shampoos","9":"first","10":"outofstock","11":"taxable","12":"shipping-taxable","13":"purchasable","14":"product-type-simple"},"acf":[],"yoast_head":"<!-- This site is optimized with the Yoast SEO plugin v27.3 - https:\/\/yoast.com\/product\/yoast-seo-wordpress\/ -->\n<title>InSight Colored Hair shampoo that protects - Tuuletuka<\/title>\n<meta name=\"description\" content=\"InSight Colored Hair shampoo is specially made for colored or highlighted hair. The main purpose of this product is to protect the hair cuticles from any kind of external influences. This shampoo contains a lot of organic ingredients: macadamia oil, arganic oil. These nourish and protect the hair.\" \/>\n<meta name=\"robots\" content=\"index, follow, max-snippet:-1, max-image-preview:large, max-video-preview:-1\" \/>\n<link rel=\"canonical\" href=\"https:\/\/www.tuuletuka.ee\/product\/insight-colored-hair-protective-sampoon\/\" \/>\n<meta property=\"og:locale\" content=\"en_US\" \/>\n<meta property=\"og:type\" content=\"article\" \/>\n<meta property=\"og:title\" content=\"InSight Colored Hair shampoo that protects - Tuuletuka\" \/>\n<meta property=\"og:description\" content=\"InSight Colored Hair shampoo is specially made for colored or highlighted hair. The main purpose of this product is to protect the hair cuticles from any kind of external influences. This shampoo contains a lot of organic ingredients: macadamia oil, arganic oil. These nourish and protect the hair.\" \/>\n<meta property=\"og:url\" content=\"https:\/\/www.tuuletuka.ee\/product\/insight-colored-hair-protective-sampoon\/\" \/>\n<meta property=\"og:site_name\" content=\"Tuuletuka\" \/>\n<meta property=\"article:publisher\" content=\"https:\/\/www.facebook.com\/Tuuletuka\/\" \/>\n<meta property=\"article:modified_time\" content=\"2021-10-15T11:28:30+00:00\" \/>\n<meta property=\"og:image\" content=\"https:\/\/www.tuuletuka.ee\/wp-content\/uploads\/2017\/11\/Insight-Colored-Hair-Shampoo.jpg\" \/>\n\t<meta property=\"og:image:width\" content=\"600\" \/>\n\t<meta property=\"og:image:height\" content=\"600\" \/>\n\t<meta property=\"og:image:type\" content=\"image\/jpeg\" \/>\n<meta name=\"twitter:card\" content=\"summary_large_image\" \/>\n<meta name=\"twitter:label1\" content=\"Est. reading time\" \/>\n\t<meta name=\"twitter:data1\" content=\"1 minute\" \/>\n<script type=\"application\/ld+json\" class=\"yoast-schema-graph\">{\"@context\":\"https:\\\/\\\/schema.org\",\"@graph\":[{\"@type\":\"WebPage\",\"@id\":\"https:\\\/\\\/www.tuuletuka.ee\\\/product\\\/insight-colored-hair-protective-sampoon\\\/\",\"url\":\"https:\\\/\\\/www.tuuletuka.ee\\\/product\\\/insight-colored-hair-protective-sampoon\\\/\",\"name\":\"InSight Colored Hair shampoo that protects - Tuuletuka\",\"isPartOf\":{\"@id\":\"https:\\\/\\\/www.tuuletuka.ee\\\/en\\\/#website\"},\"primaryImageOfPage\":{\"@id\":\"https:\\\/\\\/www.tuuletuka.ee\\\/product\\\/insight-colored-hair-protective-sampoon\\\/#primaryimage\"},\"image\":{\"@id\":\"https:\\\/\\\/www.tuuletuka.ee\\\/product\\\/insight-colored-hair-protective-sampoon\\\/#primaryimage\"},\"thumbnailUrl\":\"https:\\\/\\\/www.tuuletuka.ee\\\/wp-content\\\/uploads\\\/2017\\\/11\\\/Insight-Colored-Hair-Shampoo.jpg\",\"datePublished\":\"2017-11-02T13:15:33+00:00\",\"dateModified\":\"2021-10-15T11:28:30+00:00\",\"description\":\"InSight Colored Hair shampoo is specially made for colored or highlighted hair. The main purpose of this product is to protect the hair cuticles from any kind of external influences. This shampoo contains a lot of organic ingredients: macadamia oil, arganic oil. These nourish and protect the hair.\",\"breadcrumb\":{\"@id\":\"https:\\\/\\\/www.tuuletuka.ee\\\/product\\\/insight-colored-hair-protective-sampoon\\\/#breadcrumb\"},\"inLanguage\":\"en-US\",\"potentialAction\":[{\"@type\":\"ReadAction\",\"target\":[\"https:\\\/\\\/www.tuuletuka.ee\\\/product\\\/insight-colored-hair-protective-sampoon\\\/\"]}]},{\"@type\":\"ImageObject\",\"inLanguage\":\"en-US\",\"@id\":\"https:\\\/\\\/www.tuuletuka.ee\\\/product\\\/insight-colored-hair-protective-sampoon\\\/#primaryimage\",\"url\":\"https:\\\/\\\/www.tuuletuka.ee\\\/wp-content\\\/uploads\\\/2017\\\/11\\\/Insight-Colored-Hair-Shampoo.jpg\",\"contentUrl\":\"https:\\\/\\\/www.tuuletuka.ee\\\/wp-content\\\/uploads\\\/2017\\\/11\\\/Insight-Colored-Hair-Shampoo.jpg\",\"width\":600,\"height\":600,\"caption\":\"Insight Colored Hair \u0161ampoon on m\u00f5eldud spetsiaalselt juustele, mis on triibutatud v\u00f5i v\u00e4rvitud.\"},{\"@type\":\"BreadcrumbList\",\"@id\":\"https:\\\/\\\/www.tuuletuka.ee\\\/product\\\/insight-colored-hair-protective-sampoon\\\/#breadcrumb\",\"itemListElement\":[{\"@type\":\"ListItem\",\"position\":1,\"name\":\"Avaleht\",\"item\":\"https:\\\/\\\/www.tuuletuka.ee\\\/en\\\/\"},{\"@type\":\"ListItem\",\"position\":2,\"name\":\"Shop\",\"item\":\"https:\\\/\\\/www.tuuletuka.ee\\\/en\\\/shop\\\/\"},{\"@type\":\"ListItem\",\"position\":3,\"name\":\"InSight Colored Hair Protective shampoo\"}]},{\"@type\":\"WebSite\",\"@id\":\"https:\\\/\\\/www.tuuletuka.ee\\\/en\\\/#website\",\"url\":\"https:\\\/\\\/www.tuuletuka.ee\\\/en\\\/\",\"name\":\"Tuuletuka\",\"description\":\"\",\"publisher\":{\"@id\":\"https:\\\/\\\/www.tuuletuka.ee\\\/en\\\/#organization\"},\"potentialAction\":[{\"@type\":\"SearchAction\",\"target\":{\"@type\":\"EntryPoint\",\"urlTemplate\":\"https:\\\/\\\/www.tuuletuka.ee\\\/en\\\/?s={search_term_string}\"},\"query-input\":{\"@type\":\"PropertyValueSpecification\",\"valueRequired\":true,\"valueName\":\"search_term_string\"}}],\"inLanguage\":\"en-US\"},{\"@type\":\"Organization\",\"@id\":\"https:\\\/\\\/www.tuuletuka.ee\\\/en\\\/#organization\",\"name\":\"Tuuletuka O\u00dc\",\"url\":\"https:\\\/\\\/www.tuuletuka.ee\\\/en\\\/\",\"logo\":{\"@type\":\"ImageObject\",\"inLanguage\":\"en-US\",\"@id\":\"https:\\\/\\\/www.tuuletuka.ee\\\/en\\\/#\\\/schema\\\/logo\\\/image\\\/\",\"url\":\"https:\\\/\\\/www.tuuletuka.ee\\\/wp-content\\\/uploads\\\/2019\\\/10\\\/tuuletuka_noorjuuksuritesalong_logo.png\",\"contentUrl\":\"https:\\\/\\\/www.tuuletuka.ee\\\/wp-content\\\/uploads\\\/2019\\\/10\\\/tuuletuka_noorjuuksuritesalong_logo.png\",\"width\":161,\"height\":142,\"caption\":\"Tuuletuka O\u00dc\"},\"image\":{\"@id\":\"https:\\\/\\\/www.tuuletuka.ee\\\/en\\\/#\\\/schema\\\/logo\\\/image\\\/\"},\"sameAs\":[\"https:\\\/\\\/www.facebook.com\\\/Tuuletuka\\\/\",\"https:\\\/\\\/www.instagram.com\\\/tuuletuka\\\/\"]}]}<\/script>\n<!-- \/ Yoast SEO plugin. -->","yoast_head_json":{"title":"InSight Colored Hair shampoo that protects - Tuuletuka","description":"InSight Colored Hair shampoo is specially made for colored or highlighted hair. The main purpose of this product is to protect the hair cuticles from any kind of external influences. This shampoo contains a lot of organic ingredients: macadamia oil, arganic oil. These nourish and protect the hair.","robots":{"index":"index","follow":"follow","max-snippet":"max-snippet:-1","max-image-preview":"max-image-preview:large","max-video-preview":"max-video-preview:-1"},"canonical":"https:\/\/www.tuuletuka.ee\/product\/insight-colored-hair-protective-sampoon\/","og_locale":"en_US","og_type":"article","og_title":"InSight Colored Hair shampoo that protects - Tuuletuka","og_description":"InSight Colored Hair shampoo is specially made for colored or highlighted hair. The main purpose of this product is to protect the hair cuticles from any kind of external influences. This shampoo contains a lot of organic ingredients: macadamia oil, arganic oil. These nourish and protect the hair.","og_url":"https:\/\/www.tuuletuka.ee\/product\/insight-colored-hair-protective-sampoon\/","og_site_name":"Tuuletuka","article_publisher":"https:\/\/www.facebook.com\/Tuuletuka\/","article_modified_time":"2021-10-15T11:28:30+00:00","og_image":[{"width":600,"height":600,"url":"https:\/\/www.tuuletuka.ee\/wp-content\/uploads\/2017\/11\/Insight-Colored-Hair-Shampoo.jpg","type":"image\/jpeg"}],"twitter_card":"summary_large_image","twitter_misc":{"Est. reading time":"1 minute"},"schema":{"@context":"https:\/\/schema.org","@graph":[{"@type":"WebPage","@id":"https:\/\/www.tuuletuka.ee\/product\/insight-colored-hair-protective-sampoon\/","url":"https:\/\/www.tuuletuka.ee\/product\/insight-colored-hair-protective-sampoon\/","name":"InSight Colored Hair shampoo that protects - Tuuletuka","isPartOf":{"@id":"https:\/\/www.tuuletuka.ee\/en\/#website"},"primaryImageOfPage":{"@id":"https:\/\/www.tuuletuka.ee\/product\/insight-colored-hair-protective-sampoon\/#primaryimage"},"image":{"@id":"https:\/\/www.tuuletuka.ee\/product\/insight-colored-hair-protective-sampoon\/#primaryimage"},"thumbnailUrl":"https:\/\/www.tuuletuka.ee\/wp-content\/uploads\/2017\/11\/Insight-Colored-Hair-Shampoo.jpg","datePublished":"2017-11-02T13:15:33+00:00","dateModified":"2021-10-15T11:28:30+00:00","description":"InSight Colored Hair shampoo is specially made for colored or highlighted hair. The main purpose of this product is to protect the hair cuticles from any kind of external influences. This shampoo contains a lot of organic ingredients: macadamia oil, arganic oil. These nourish and protect the hair.","breadcrumb":{"@id":"https:\/\/www.tuuletuka.ee\/product\/insight-colored-hair-protective-sampoon\/#breadcrumb"},"inLanguage":"en-US","potentialAction":[{"@type":"ReadAction","target":["https:\/\/www.tuuletuka.ee\/product\/insight-colored-hair-protective-sampoon\/"]}]},{"@type":"ImageObject","inLanguage":"en-US","@id":"https:\/\/www.tuuletuka.ee\/product\/insight-colored-hair-protective-sampoon\/#primaryimage","url":"https:\/\/www.tuuletuka.ee\/wp-content\/uploads\/2017\/11\/Insight-Colored-Hair-Shampoo.jpg","contentUrl":"https:\/\/www.tuuletuka.ee\/wp-content\/uploads\/2017\/11\/Insight-Colored-Hair-Shampoo.jpg","width":600,"height":600,"caption":"Insight Colored Hair \u0161ampoon on m\u00f5eldud spetsiaalselt juustele, mis on triibutatud v\u00f5i v\u00e4rvitud."},{"@type":"BreadcrumbList","@id":"https:\/\/www.tuuletuka.ee\/product\/insight-colored-hair-protective-sampoon\/#breadcrumb","itemListElement":[{"@type":"ListItem","position":1,"name":"Avaleht","item":"https:\/\/www.tuuletuka.ee\/en\/"},{"@type":"ListItem","position":2,"name":"Shop","item":"https:\/\/www.tuuletuka.ee\/en\/shop\/"},{"@type":"ListItem","position":3,"name":"InSight Colored Hair Protective shampoo"}]},{"@type":"WebSite","@id":"https:\/\/www.tuuletuka.ee\/en\/#website","url":"https:\/\/www.tuuletuka.ee\/en\/","name":"Tuuletuka","description":"","publisher":{"@id":"https:\/\/www.tuuletuka.ee\/en\/#organization"},"potentialAction":[{"@type":"SearchAction","target":{"@type":"EntryPoint","urlTemplate":"https:\/\/www.tuuletuka.ee\/en\/?s={search_term_string}"},"query-input":{"@type":"PropertyValueSpecification","valueRequired":true,"valueName":"search_term_string"}}],"inLanguage":"en-US"},{"@type":"Organization","@id":"https:\/\/www.tuuletuka.ee\/en\/#organization","name":"Tuuletuka O\u00dc","url":"https:\/\/www.tuuletuka.ee\/en\/","logo":{"@type":"ImageObject","inLanguage":"en-US","@id":"https:\/\/www.tuuletuka.ee\/en\/#\/schema\/logo\/image\/","url":"https:\/\/www.tuuletuka.ee\/wp-content\/uploads\/2019\/10\/tuuletuka_noorjuuksuritesalong_logo.png","contentUrl":"https:\/\/www.tuuletuka.ee\/wp-content\/uploads\/2019\/10\/tuuletuka_noorjuuksuritesalong_logo.png","width":161,"height":142,"caption":"Tuuletuka O\u00dc"},"image":{"@id":"https:\/\/www.tuuletuka.ee\/en\/#\/schema\/logo\/image\/"},"sameAs":["https:\/\/www.facebook.com\/Tuuletuka\/","https:\/\/www.instagram.com\/tuuletuka\/"]}]}},"_links":{"self":[{"href":"https:\/\/www.tuuletuka.ee\/en\/wp-json\/wp\/v2\/product\/1235","targetHints":{"allow":["GET"]}}],"collection":[{"href":"https:\/\/www.tuuletuka.ee\/en\/wp-json\/wp\/v2\/product"}],"about":[{"href":"https:\/\/www.tuuletuka.ee\/en\/wp-json\/wp\/v2\/types\/product"}],"replies":[{"embeddable":true,"href":"https:\/\/www.tuuletuka.ee\/en\/wp-json\/wp\/v2\/comments?post=1235"}],"wp:featuredmedia":[{"embeddable":true,"href":"https:\/\/www.tuuletuka.ee\/en\/wp-json\/wp\/v2\/media\/1476"}],"wp:attachment":[{"href":"https:\/\/www.tuuletuka.ee\/en\/wp-json\/wp\/v2\/media?parent=1235"}],"wp:term":[{"taxonomy":"product_brand","embeddable":true,"href":"https:\/\/www.tuuletuka.ee\/en\/wp-json\/wp\/v2\/product_brand?post=1235"},{"taxonomy":"product_cat","embeddable":true,"href":"https:\/\/www.tuuletuka.ee\/en\/wp-json\/wp\/v2\/product_cat?post=1235"},{"taxonomy":"product_tag","embeddable":true,"href":"https:\/\/www.tuuletuka.ee\/en\/wp-json\/wp\/v2\/product_tag?post=1235"}],"curies":[{"name":"wp","href":"https:\/\/api.w.org\/{rel}","templated":true}]}}